{"id":12,"date":"2010-08-18T14:52:08","date_gmt":"2010-08-18T14:52:08","guid":{"rendered":"http:\/\/rubbersounds.wordpress.com\/"},"modified":"2010-08-18T14:52:08","modified_gmt":"2010-08-18T14:52:08","slug":"le-pourquoi-du-comment","status":"publish","type":"page","link":"https:\/\/rubbersounds.eu\/index.php\/le-pourquoi-du-comment\/","title":{"rendered":"Le comment du quoi !"},"content":{"rendered":"<p><strong>Pourquoi ce site\/page\/blog\u00a0?<\/strong><\/p>\n<p>Sans  pr\u00e9tention, parler des albums qui ont un concept qui sort de  l&rsquo;ordinaire, qui ont une ligne directrice ou qui ont une id\u00e9e non pas     r\u00e9volutionnaire, mais simplement \u00e9tonnante ou originale. D&rsquo;un point  de vu artistique ou technologie les exemples sont nombreux et avec de la  chance, vous allez faire des d\u00e9couvertes sur ce     site.<\/p>\n<p><strong>D&rsquo;abord, qu&rsquo;est-ce qu\u2019un concept album\u00a0?<\/strong><\/p>\n<p>Selon Wikip\u00e9dia\u00a0: <em>Un album-concept, ou album concept (de l&rsquo;anglais concept album) est un terme discologique qui traduit la volont\u00e9     de la part d&rsquo;un artiste ou d&rsquo;un groupe de cr\u00e9er une oeuvre fil\u00e9e tout au long d&rsquo;un disque.<\/em><\/p>\n<p>Malgr\u00e9  cette d\u00e9finition plut\u00f4t claire, il existe des points de dissension  entre les \u00ab\u00a0critiques\u00a0\u00bb de musique. Fait-on une     diff\u00e9rence entre les albums qui ont juste un propos commun entre les  pistes sonores et les disques ayant une ligne directrice ou racontant  une histoire\u00a0? Ce dernier type n&rsquo;est-il pas plus     dans la cat\u00e9gorie de l&rsquo;op\u00e9ra rock\u00a0?<\/p>\n<p>Et que fait-on de ceux qui n&rsquo;ont pas de structure narrative ni th\u00e8me, mais dont l&rsquo;ordre des chansons d\u00e9coule d&rsquo;une d\u00e9marche     artistique\u00a0?<\/p>\n<p><strong>Et donc, que va-t-on faire ?<\/strong><\/p>\n<p>Oublier  tout ce charabia et ces d\u00e9finitions inutiles\u00a0! \u00c0 la base, on est ici  pour se faire plaisir. Donc d\u2019une fa\u00e7on totalement     arbitraire et sans aucune raison valable, j&rsquo;ai d\u00e9cid\u00e9 (apr\u00e8s une  nuit blanche de n\u00e9gociation, une cuite et un vote \u00e0 main lev\u00e9) de ne PAS  me fixer de limites\u00a0!<\/p>\n<p>Et  tant qu&rsquo;\u00e0 faire, s\u2019il n\u2019y a pas de fronti\u00e8res dans le concept, autant  aller encore plus loin. Le principe d\u2019aller plus loin que des     bornes qui n\u2019existent pas est certes assez abstrait, mais  qu\u2019importe\u00a0!<\/p>\n<p>En  effet, pourquoi ne pas int\u00e9grer les caract\u00e9ristiques physiques des  albums, leurs emballages, leurs packagings (pour parler en mode jeune     d\u2019\u00e9cole de commerce)\u00a0? Dans un monde ou le support mat\u00e9riel tant \u00e0  disparaitre au profit de la virtualisation, il est agr\u00e9able de revenir  aux choses concr\u00e8tes. Vous l\u2019aurez compris, on     s\u2019adresse ici au f\u00e9tichiste de l&rsquo;\u0153uvre, aux collectionneurs de beaux  Objets (ou pas du tout m\u00eame). Bref, mort aux boitiers cristal des CDs  et au mp3s\u00a0!<\/p>\n<p>Plus  fort, le concept peut aussi aller encore plus loin et investir les  concerts. De nombreux groupes sortent de la formation classique du     quatuor guitare, basse, batterie, chant et renouvellent les  exp\u00e9riences sc\u00e9niques gr\u00e2ce \u00e0 un jeu de sc\u00e8ne, de lumi\u00e8re ou d\u2019id\u00e9e  innovante ou farfelue.<\/p>\n<p><strong>Au final, \u00e7a parle de tout et n&rsquo;importe quoi ici ?<\/strong><\/p>\n<p>C&rsquo;est un bon r\u00e9sum\u00e9, mais un poil exag\u00e9r\u00e9 quand m\u00eame\u00a0!<\/p>\n<p>Avant  de continuer, je vous pr\u00e9viens je n\u2019ai pas toutes les r\u00e9ponses. Surtout  pour le myst\u00e8re de la disparition de la nourriture. Et si     jamais vous avez des pistes autres que le film des monty pythons ou  H2G2 pour la derni\u00e8re question, n\u2019h\u00e9sitez pas \u00e0 me contacter, sauf si  vous \u00eates une secte.<\/p>\n<p>Voil\u00e0 une bonne chose de faite. Maintenant, parlons du sujet qui m&rsquo;a amen\u00e9 \u00e0 faire ce site.<\/p>\n<p>La  musique est une passion qui en g\u00e9n\u00e9ral commence aux premi\u00e8res pouss\u00e9es  d\u2019acn\u00e9s voire avant pour certains. Les plus vieux ont sans doute     vu l\u2019\u00e9volution du march\u00e9 \u00e0 travers les \u00e9poques et pour les plus  jeunes un r\u00e9sum\u00e9 suit.\u00a0 Au pire, internet est un outil tr\u00e8s pratique.<\/p>\n<p>Dans tous les cas, on ne peut nier un certain constat\u00a0: les modes de \u00ab\u00a0consommation\u00a0\u00bb de la musique ont consid\u00e9rablement \u00e9t\u00e9     m\u00e9tamorphos\u00e9s ces derni\u00e8res ann\u00e9es.<\/p>\n<p>Au  temps b\u00e9ni du vinyle (en dehors des 45 tours), l\u2019\u00e9coute des morceaux  d\u2019un album se faisait dans l\u2019ordre impos\u00e9 par les auteurs de     l&rsquo;oeuvre (ou parfois de la maison de disque). On changeait rarement  une chanson et on ne se passait pas une piste en boucle. L&rsquo;album \u00e9tait  consid\u00e9r\u00e9 comme un tout o\u00f9 chaque titre se suivait pour     une raison plus ou moins \u00e9vidente, mais en tout cas d\u00e9cid\u00e9 par  quelqu&rsquo;un. De plus, l&rsquo;artwork, c&rsquo;est-\u00e0-dire la pochette ou l&#8217;emballage,  \u00e9tait plus ou moins travaill\u00e9 et faisait partie int\u00e9grante     du l&rsquo;objet.<\/p>\n<p>L&rsquo;arriv\u00e9e  des lecteurs-enregistreurs de cassettes a permis la premi\u00e8re vague de  piraterie, un sujet qui ne sera pas abord\u00e9 ici, mais aussi     de la cr\u00e9ation de compilation faite par des particuliers. N&rsquo;importe  qui pouvait tr\u00e8s facilement faire son propre \u00ab\u00a0best of\u00a0\u00bb d&rsquo;artiste ou  d&rsquo;album. Cette pratique a encore \u00e9t\u00e9 simplifi\u00e9e     par l&rsquo;apparition des graveurs de CD de plus en plus bon march\u00e9.<\/p>\n<p>La  d\u00e9mocratisation du format CD a probablement contribu\u00e9 \u00e0 cette tendance  de d\u00e9structuration de la tracklist. La faute (ou pas) \u00e0 la     capacit\u00e9 de l&rsquo;auditeur de passer directement \u00e0 la piste suivante  ainsi que la possibilit\u00e9 de lire en mode al\u00e9atoire (shuffle). Le tout  sans bouger de son canap\u00e9, mais l\u2019invention de la     t\u00e9l\u00e9commande n\u2019a rien \u00e0 voir avec ce site.<\/p>\n<p>La  derni\u00e8re \u00e9tape a eu lieu avec l&rsquo;arriv\u00e9e d&rsquo;internet et de la g\u00e9n\u00e9ration  mp3. R\u00e9volution\u00a0: la musique se d\u00e9mat\u00e9rialise, les ventes     augmentent, les salles de concert sont d\u2019autant plus fr\u00e9quent\u00e9es que  les cachets des artistes explosent. La g\u00e9n\u00e9ration IPOD devient la  majorit\u00e9, pour le meilleur ou le pire, m\u00eame si     paradoxalement, on assiste \u00e0 un soi-disant retour du vinyle  (HOORRAY, le monde n\u2019est pas perdu\u00a0!)<\/p>\n<p>Ce  constat fait, je tiens juste \u00e0 pr\u00e9ciser qu&rsquo;il s&rsquo;agit de mes th\u00e9ories et  mes hypoth\u00e8ses, elles ne sont aucunement bas\u00e9es sur une analyse     scientifique de donn\u00e9e ou autre. Je suis ouvert \u00e0 toutes  discussions, surtout autour d\u2019une bi\u00e8re.<\/p>\n<p>Dans  cette ambiance que certains qualifieraient, non sans raison, de morose,  j&rsquo;ai d\u00e9cid\u00e9 de faire un site sur ces albums qui ont un quelque     chose de particulier, qui ont \u00e9t\u00e9 pens\u00e9s comme des oeuvres \u00e0 travers  leur d\u00e9roulement musical, qui ont des caract\u00e9ristiques originales au  niveau de l&rsquo;artwork ou qui ont plus ou moins marqu\u00e9s     l&rsquo;histoire gr\u00e2ce \u00e0 des id\u00e9es pas toujours si farfelues que \u00e7a. Tout  cela en tentant d&rsquo;aller un peu plus loin, en parlant de certains  concerts \u00e9tonnant ou amusant.<\/p>\n","protected":false},"excerpt":{"rendered":"<p>Pourquoi ce site\/page\/blog\u00a0? Sans pr\u00e9tention, parler des albums qui ont un concept qui sort de l&rsquo;ordinaire, qui ont une ligne directrice ou qui ont une id\u00e9e non pas r\u00e9volutionnaire, mais simplement \u00e9tonnante ou originale. D&rsquo;un point de vu artistique ou technologie les exemples sont nombreux et avec de la chance, vous allez faire des d\u00e9couvertes [&hellip;]<\/p>\n","protected":false},"author":2,"featured_media":0,"parent":0,"menu_order":0,"comment_status":"open","ping_status":"open","template":"","meta":{"footnotes":""},"class_list":["post-12","page","type-page","status-publish","hentry"],"_links":{"self":[{"href":"https:\/\/rubbersounds.eu\/index.php\/wp-json\/wp\/v2\/pages\/12","targetHints":{"allow":["GET"]}}],"collection":[{"href":"https:\/\/rubbersounds.eu\/index.php\/wp-json\/wp\/v2\/pages"}],"about":[{"href":"https:\/\/rubbersounds.eu\/index.php\/wp-json\/wp\/v2\/types\/page"}],"author":[{"embeddable":true,"href":"https:\/\/rubbersounds.eu\/index.php\/wp-json\/wp\/v2\/users\/2"}],"replies":[{"embeddable":true,"href":"https:\/\/rubbersounds.eu\/index.php\/wp-json\/wp\/v2\/comments?post=12"}],"version-history":[{"count":0,"href":"https:\/\/rubbersounds.eu\/index.php\/wp-json\/wp\/v2\/pages\/12\/revisions"}],"wp:attachment":[{"href":"https:\/\/rubbersounds.eu\/index.php\/wp-json\/wp\/v2\/media?parent=12"}],"curies":[{"name":"wp","href":"https:\/\/api.w.org\/{rel}","templated":true}]}}