{"id":11,"date":"2010-08-18T14:50:52","date_gmt":"2010-08-18T14:50:52","guid":{"rendered":"http:\/\/rubbersounds.wordpress.com\/"},"modified":"2010-08-18T14:50:52","modified_gmt":"2010-08-18T14:50:52","slug":"le-pourquoi-du-comment-et-inversement","status":"publish","type":"page","link":"https:\/\/rubbersounds.eu\/index.php\/le-pourquoi-du-comment-et-inversement\/","title":{"rendered":"Le pourquoi du comment (et inversement)"},"content":{"rendered":"<p style=\"text-align:justify;\">Pourquoi  donc un millioni\u00e8me sur la musique\u00a0? Quel est donc l&rsquo;int\u00e9r\u00eat de ce  site\u00a0? Pourquoi devriez-vous consentir \u00e0 perdre du     temps ici\u00a0? Vous n&rsquo;avez rien d&rsquo;autre \u00e0 faire\u00a0? Une promenade dans  les bois\u00a0peut-\u00eatre\u00a0? Des poubelles \u00e0 sortir\u00a0? Allez-vous le regretter\u00a0en  restant sur ce blog\u00a0?     Qui a mang\u00e9 le bout de brioche qu&rsquo;on avait gard\u00e9 pour le petit  d\u00e9jeuner\u00a0? Quel est le sens de la vie\u00a0?<\/p>\n<p style=\"text-align:justify;\">Avant  de continuer, je vous pr\u00e9viens je n\u2019ai pas toutes les r\u00e9ponses. Surtout  pour le myst\u00e8re de la disparition de la nourriture. Et si     jamais vous avez des pistes autres que le film des monty pythons ou  H2G2 pour la derni\u00e8re question, n\u2019h\u00e9sitez pas \u00e0 me contacter, sauf si  vous \u00eates une secte.<\/p>\n<p style=\"text-align:justify;\">Voil\u00e0 une bonne chose de faite. Maintenant, parlons du sujet qui m&rsquo;a amen\u00e9 \u00e0 faire ce site.<\/p>\n<p style=\"text-align:justify;\">La  musique est une passion qui en g\u00e9n\u00e9ral commence aux premi\u00e8res pouss\u00e9es  d\u2019acn\u00e9s voire avant pour certains. Les plus vieux ont sans doute     vu l\u2019\u00e9volution du march\u00e9 \u00e0 travers les \u00e9poques et pour les plus  jeunes un r\u00e9sum\u00e9 suit.\u00a0 Au pire, internet est un outil tr\u00e8s pratique.<\/p>\n<p style=\"text-align:justify;\">Dans tous les cas, on ne peut nier un certain constat\u00a0: les modes de \u00ab\u00a0consommation\u00a0\u00bb de la musique ont consid\u00e9rablement \u00e9t\u00e9     m\u00e9tamorphos\u00e9s ces derni\u00e8res ann\u00e9es.<\/p>\n<p style=\"text-align:justify;\">Au  temps b\u00e9ni du vinyle (en dehors des 45 tours), l\u2019\u00e9coute des morceaux  d\u2019un album se faisait dans l\u2019ordre impos\u00e9 par les auteurs de     l&rsquo;oeuvre (ou parfois de la maison de disque). On changeait rarement  une chanson et on ne se passait pas une piste en boucle. L&rsquo;album \u00e9tait  consid\u00e9r\u00e9 comme un tout o\u00f9 chaque titre se suivait pour     une raison plus ou moins \u00e9vidente, mais en tout cas d\u00e9cid\u00e9 par  quelqu&rsquo;un. De plus, l&rsquo;artwork, c&rsquo;est-\u00e0-dire la pochette ou l&#8217;emballage,  \u00e9tait plus ou moins travaill\u00e9 et faisait partie int\u00e9grante     du l&rsquo;objet.<\/p>\n<p style=\"text-align:justify;\">L&rsquo;arriv\u00e9e  des lecteurs-enregistreurs de cassettes a permis la premi\u00e8re vague de  piraterie, un sujet qui ne sera pas abord\u00e9 ici, mais aussi     de la cr\u00e9ation de compilation faite par des particuliers. N&rsquo;importe  qui pouvait tr\u00e8s facilement faire son propre \u00ab\u00a0best of\u00a0\u00bb d&rsquo;artiste ou  d&rsquo;album. Cette pratique a encore \u00e9t\u00e9 simplifi\u00e9e     par l&rsquo;apparition des graveurs de CD de plus en plus bon march\u00e9.<\/p>\n<p style=\"text-align:justify;\">La  d\u00e9mocratisation du format CD a probablement contribu\u00e9 \u00e0 cette tendance  de d\u00e9structuration de la tracklist. La faute (ou pas) \u00e0 la     capacit\u00e9 de l&rsquo;auditeur de passer directement \u00e0 la piste suivante  ainsi que la possibilit\u00e9 de lire en mode al\u00e9atoire (shuffle). Le tout  sans bouger de son canap\u00e9, mais l\u2019invention de la     t\u00e9l\u00e9commande n\u2019a rien \u00e0 voir avec ce site.<\/p>\n<p style=\"text-align:justify;\">La  derni\u00e8re \u00e9tape a eu lieu avec l&rsquo;arriv\u00e9e d&rsquo;internet et de la g\u00e9n\u00e9ration  mp3. R\u00e9volution\u00a0: la musique se d\u00e9mat\u00e9rialise, les ventes     augmentent, les salles de concert sont d\u2019autant plus fr\u00e9quent\u00e9es que  les cachets des artistes explosent. La g\u00e9n\u00e9ration IPOD devient la  majorit\u00e9, pour le meilleur ou le pire, m\u00eame si     paradoxalement, on assiste \u00e0 un soi-disant retour du vinyle  (HOORRAY, le monde n\u2019est pas perdu\u00a0!)<\/p>\n<p style=\"text-align:justify;\">\n<p style=\"text-align:justify;\">Ce  constat fait, je tiens juste \u00e0 pr\u00e9ciser qu&rsquo;il s&rsquo;agit de mes th\u00e9ories et  mes hypoth\u00e8ses, elles ne sont aucunement bas\u00e9es sur une analyse     scientifique de donn\u00e9e ou autre. Je suis ouvert \u00e0 toutes  discussions, surtout autour d\u2019une bi\u00e8re.<\/p>\n<p style=\"text-align:justify;\">\n<p style=\"text-align:justify;\">Dans  cette ambiance que certains qualifieraient, non sans raison, de morose,  j&rsquo;ai d\u00e9cid\u00e9 de faire un site sur ces albums qui ont un quelque     chose de particulier, qui ont \u00e9t\u00e9 pens\u00e9s comme des oeuvres \u00e0 travers  leur d\u00e9roulement musical, qui ont des caract\u00e9ristiques originales au  niveau de l&rsquo;artwork ou qui ont plus ou moins marqu\u00e9s     l&rsquo;histoire gr\u00e2ce \u00e0 des id\u00e9es pas toujours si farfelues que \u00e7a. Tout  cela en tentant d&rsquo;aller un peu plus loin, en parlant de certains  concerts \u00e9tonnant ou amusant.<\/p>\n","protected":false},"excerpt":{"rendered":"<p>Pourquoi donc un millioni\u00e8me sur la musique\u00a0? Quel est donc l&rsquo;int\u00e9r\u00eat de ce site\u00a0? Pourquoi devriez-vous consentir \u00e0 perdre du temps ici\u00a0? Vous n&rsquo;avez rien d&rsquo;autre \u00e0 faire\u00a0? Une promenade dans les bois\u00a0peut-\u00eatre\u00a0? Des poubelles \u00e0 sortir\u00a0? Allez-vous le regretter\u00a0en restant sur ce blog\u00a0? Qui a mang\u00e9 le bout de brioche qu&rsquo;on avait gard\u00e9 pour [&hellip;]<\/p>\n","protected":false},"author":2,"featured_media":0,"parent":0,"menu_order":0,"comment_status":"open","ping_status":"open","template":"","meta":{"footnotes":""},"class_list":["post-11","page","type-page","status-publish","hentry"],"_links":{"self":[{"href":"https:\/\/rubbersounds.eu\/index.php\/wp-json\/wp\/v2\/pages\/11","targetHints":{"allow":["GET"]}}],"collection":[{"href":"https:\/\/rubbersounds.eu\/index.php\/wp-json\/wp\/v2\/pages"}],"about":[{"href":"https:\/\/rubbersounds.eu\/index.php\/wp-json\/wp\/v2\/types\/page"}],"author":[{"embeddable":true,"href":"https:\/\/rubbersounds.eu\/index.php\/wp-json\/wp\/v2\/users\/2"}],"replies":[{"embeddable":true,"href":"https:\/\/rubbersounds.eu\/index.php\/wp-json\/wp\/v2\/comments?post=11"}],"version-history":[{"count":0,"href":"https:\/\/rubbersounds.eu\/index.php\/wp-json\/wp\/v2\/pages\/11\/revisions"}],"wp:attachment":[{"href":"https:\/\/rubbersounds.eu\/index.php\/wp-json\/wp\/v2\/media?parent=11"}],"curies":[{"name":"wp","href":"https:\/\/api.w.org\/{rel}","templated":true}]}}